{"id":278968,"date":"2026-01-24T19:36:08","date_gmt":"2026-01-24T18:36:08","guid":{"rendered":"https:\/\/www.schloss-seeburg.ch\/?page_id=278968"},"modified":"2026-04-19T09:56:54","modified_gmt":"2026-04-19T07:56:54","slug":"tisch-reservieren","status":"publish","type":"page","link":"https:\/\/www.schloss-seeburg.ch\/en\/tisch-reservieren\/","title":{"rendered":"Tisch reservieren"},"content":{"rendered":"<p>[et_pb_section fb_built=&#8221;1&#8243; _builder_version=&#8221;4.27.5&#8243; _module_preset=&#8221;default&#8221; background_color=&#8221;#f8eddd&#8221; global_colors_info=&#8221;{}&#8221;][et_pb_row _builder_version=&#8221;4.27.5&#8243; _module_preset=&#8221;default&#8221; global_colors_info=&#8221;{}&#8221;][et_pb_column type=&#8221;4_4&#8243; _builder_version=&#8221;4.27.5&#8243; _module_preset=&#8221;default&#8221; global_colors_info=&#8221;{}&#8221;][et_pb_code admin_label=&#8221;Tisch reservieren &#8211; Code&#8221; _builder_version=&#8221;4.27.5&#8243; _module_preset=&#8221;default&#8221; global_colors_info=&#8221;{}&#8221;]<script type=\"text\/javascript\" src=https:\/\/services.gastronovi.com\/restaurants\/131282\/scripts\/reservation async><\/script>[\/et_pb_code][et_pb_text content_tablet=&#8221;<\/p>\n<p>Willkommen im Restaurant Schloss Seeburg! Sch\u00f6n, dass Sie bei uns einen Tisch reservieren m\u00f6chten.<br \/>Damit Ihr Besuch entspannt starten kann, finden Sie hier unsere aktuellen \u00d6ffnungszeiten.<br \/>Bitte beachten Sie:<\/p>\n<p>Von Montag bis Dienstag bleibt das Restaurant geschlossen.<br \/>Von Mittwoch bis Sonntag sind wir gerne f\u00fcr Sie da.<\/p>\n<p><strong>\u00d6ffnungszeiten Restaurant Schloss Seeburg<\/strong><br \/>Restaurant: Mittwoch \u2013 Sonntag, 11:30 \u2013 22:00 Uhr<br \/>K\u00fcche: Mittwoch \u2013 Sonntag, 11:30 \u2013 21:00 Uhr<br \/>Ruhetage: Montag \u2013 Dienstag (geschlossen)<\/p>\n<p>Wir freuen uns darauf, Sie bei uns begr\u00fcssen zu d\u00fcrfen!<\/p>\n<p>&#8221; content_phone=&#8221;<\/p>\n<p>Willkommen im Restaurant Schloss Seeburg! <\/p>\n<p>Sch\u00f6n, dass Sie bei uns <br \/>einen Tisch reservieren m\u00f6chten.<br \/>Damit Ihr Besuch entspannt starten kann, finden Sie hier unsere aktuellen \u00d6ffnungszeiten.<\/p>\n<p>Bitte beachten Sie:<\/p>\n<p>Von Montag bis Dienstag <br \/>bleibt das Restaurant geschlossen.<br \/>Von Mittwoch bis Sonntag <br \/>sind wir gerne f\u00fcr Sie da.<\/p>\n<p><strong>\u00d6ffnungszeiten Restaurant Schloss Seeburg<br \/><\/strong><br \/>Restaurant:<br \/>Mittwoch \u2013 Sonntag, 11:30 \u2013 22:00 Uhr<\/p>\n<p>K\u00fcche:<br \/>Mittwoch \u2013 Sonntag, 11:30 \u2013 21:00 Uhr<\/p>\n<p>Ruhetage:<br \/>Montag \u2013 Dienstag (geschlossen)<\/p>\n<p>Wir freuen uns darauf, <br \/>Sie bei uns begr\u00fcssen zu d\u00fcrfen!<\/p>\n<p>&#8221; content_last_edited=&#8221;on|phone&#8221; _builder_version=&#8221;4.27.6&#8243; _module_preset=&#8221;default&#8221; text_orientation=&#8221;center&#8221; hover_enabled=&#8221;0&#8243; global_colors_info=&#8221;{}&#8221; sticky_enabled=&#8221;0&#8243;]<\/p>\n<p>Willkommen im Restaurant Schloss Seeburg! Sch\u00f6n, dass Sie bei uns einen Tisch reservieren m\u00f6chten.<br \/>Damit Ihr Besuch entspannt starten kann, finden Sie hier unsere aktuellen \u00d6ffnungszeiten.<br \/>Bitte beachten Sie:<\/p>\n<p>Von Montag bis Dienstag bleibt das Restaurant geschlossen.<br \/>Von Mittwoch bis Sonntag sind wir gerne f\u00fcr Sie da.<\/p>\n<p><strong>\u00d6ffnungszeiten Restaurant Schloss Seeburg<\/strong><br \/>Restaurant: Mittwoch \u2013 Sonntag, 11:30 \u2013 22:00 Uhr<br \/>K\u00fcche: Mittwoch \u2013 Sonntag, 11:30 \u2013 21:00 Uhr<br \/>Ruhetage: Montag \u2013 Dienstag (geschlossen)<\/p>\n<p>Wir freuen uns darauf, Sie bei uns begr\u00fcssen zu d\u00fcrfen!<\/p>\n<p>[\/et_pb_text][et_pb_button button_url=&#8221;@ET-DC@eyJkeW5hbWljIjp0cnVlLCJjb250ZW50IjoicG9zdF9saW5rX3VybF9yM2QiLCJzZXR0aW5ncyI6eyJwb3N0X2lkIjoiMTAwMTg3In19@&#8221; url_new_window=&#8221;on&#8221; button_text=&#8221;Zur Speisekarte&#8221; button_alignment=&#8221;center&#8221; disabled_on=&#8221;off|off|off&#8221; admin_label=&#8221;Speisekarte&#8221; module_id=&#8221;button-107&#8243; _builder_version=&#8221;4.27.5&#8243; _dynamic_attributes=&#8221;button_url&#8221; _module_preset=&#8221;default&#8221; button_text_size=&#8221;25px&#8221; button_text_color=&#8221;gcid-04bf7b44-5e17-44ef-9926-d53404b30e71&#8243; button_border_width=&#8221;0px&#8221; button_border_color=&#8221;gcid-c5479f1e-a6bc-4a45-aa5d-99e8a2735523&#8243; button_border_radius=&#8221;0px&#8221; button_letter_spacing=&#8221;1px&#8221; button_font=&#8221;Didof_Headline_Bold||||||||&#8221; button_icon_color=&#8221;rgba(119,119,119,0)&#8221; overflow-x=&#8221;hidden&#8221; overflow-y=&#8221;hidden&#8221; custom_padding=&#8221;10px|30px|10px|30px|true|true&#8221; custom_css_before=&#8221;content: &#8221;;||    height: 5px;||    width: 30%;||    background-color: #284b56;||    position: absolute;||    left: 0;||    bottom: -3px;||    transition: all 0.3s ease 0s;||    visibility: visible !important;||    display: block !important;||    opacity: 1 !important;||    margin: 0 !important;||    z-index: -1 !important;&#8221; custom_css_main_element=&#8221;border-bottom: 1px solid #284b56;&#8221; custom_css_free_form=&#8221;a#button-93{||border-bottom: 1px solid #284b56 !important;||}&#8221; locked=&#8221;off&#8221; global_colors_info=&#8221;{%22gcid-c5479f1e-a6bc-4a45-aa5d-99e8a2735523%22:%91%22button_border_color%22%93,%22gcid-04bf7b44-5e17-44ef-9926-d53404b30e71%22:%91%22button_border_color__hover%22,%22button_text_color__hover%22,%22button_text_color%22%93}&#8221; custom_css_before__hover_enabled=&#8221;on|hover&#8221; custom_css_before__hover=&#8221;width: 100%;&#8221; custom_css_after__hover_enabled=&#8221;off|desktop&#8221; button_bg_color__hover_enabled=&#8221;on|desktop&#8221; button_bg_color__hover=&#8221;rgba(237,2,10,0)&#8221; button_bg_enable_color__hover=&#8221;on&#8221; custom_css_main_element__hover_enabled=&#8221;off|desktop&#8221; custom_css_main_element__hover=&#8221;box-shadow: 3px 3px #fff, 4px 4px #ed020a, 7px 7px #fff, 8px 8px #ed020a, 11px 11px #fff, 12px 12px #ed020a, 15px 15px #fff, 16px 16px #ed020a;&#8221; custom_css_after__hover=&#8221; filter: blur(30px);&#8221; button_border_color__hover=&#8221;#a27840&#8243; button_text_color__hover=&#8221;#a27840&#8243;][\/et_pb_button][\/et_pb_column][\/et_pb_row][\/et_pb_section]<\/p>\n","protected":false},"excerpt":{"rendered":"<p>Willkommen im Restaurant Schloss Seeburg! Sch\u00f6n, dass Sie bei uns einen Tisch reservieren m\u00f6chten.Damit Ihr Besuch entspannt starten kann, finden Sie hier unsere aktuellen \u00d6ffnungszeiten.Bitte beachten Sie: Von Montag bis Dienstag bleibt das Restaurant geschlossen.Von Mittwoch bis Sonntag sind wir gerne f\u00fcr Sie da. \u00d6ffnungszeiten Restaurant Schloss SeeburgRestaurant: Mittwoch \u2013 Sonntag, 11:30 \u2013 22:00 UhrK\u00fcche: [&hellip;]<\/p>\n","protected":false},"author":1,"featured_media":0,"parent":0,"menu_order":0,"comment_status":"closed","ping_status":"closed","template":"","meta":{"_acf_changed":false,"_et_pb_use_builder":"on","_et_pb_old_content":"","_et_gb_content_width":"","inline_featured_image":false,"footnotes":""},"difl_page_category":[],"class_list":["post-278968","page","type-page","status-publish","hentry"],"acf":[],"_links":{"self":[{"href":"https:\/\/www.schloss-seeburg.ch\/en\/wp-json\/wp\/v2\/pages\/278968","targetHints":{"allow":["GET"]}}],"collection":[{"href":"https:\/\/www.schloss-seeburg.ch\/en\/wp-json\/wp\/v2\/pages"}],"about":[{"href":"https:\/\/www.schloss-seeburg.ch\/en\/wp-json\/wp\/v2\/types\/page"}],"author":[{"embeddable":true,"href":"https:\/\/www.schloss-seeburg.ch\/en\/wp-json\/wp\/v2\/users\/1"}],"replies":[{"embeddable":true,"href":"https:\/\/www.schloss-seeburg.ch\/en\/wp-json\/wp\/v2\/comments?post=278968"}],"version-history":[{"count":9,"href":"https:\/\/www.schloss-seeburg.ch\/en\/wp-json\/wp\/v2\/pages\/278968\/revisions"}],"predecessor-version":[{"id":280323,"href":"https:\/\/www.schloss-seeburg.ch\/en\/wp-json\/wp\/v2\/pages\/278968\/revisions\/280323"}],"wp:attachment":[{"href":"https:\/\/www.schloss-seeburg.ch\/en\/wp-json\/wp\/v2\/media?parent=278968"}],"wp:term":[{"taxonomy":"difl_page_category","embeddable":true,"href":"https:\/\/www.schloss-seeburg.ch\/en\/wp-json\/wp\/v2\/difl_page_category?post=278968"}],"curies":[{"name":"wp","href":"https:\/\/api.w.org\/{rel}","templated":true}]}}