{"id":279029,"date":"2026-02-03T19:20:13","date_gmt":"2026-02-03T18:20:13","guid":{"rendered":"https:\/\/www.schloss-seeburg.ch\/?page_id=279029"},"modified":"2026-04-10T17:12:39","modified_gmt":"2026-04-10T15:12:39","slug":"oeffnungszeiten","status":"publish","type":"page","link":"https:\/\/www.schloss-seeburg.ch\/en\/oeffnungszeiten\/","title":{"rendered":"\u00d6ffnungszeiten"},"content":{"rendered":"<p>[et_pb_section fb_built=&#8221;1&#8243; _builder_version=&#8221;4.27.2&#8243; _module_preset=&#8221;8ce5779a-5235-44f4-8834-8e9c882ac06f&#8221; custom_padding_phone=&#8221;45px||||false|false&#8221; global_colors_info=&#8221;{}&#8221;][et_pb_row _builder_version=&#8221;4.27.2&#8243; _module_preset=&#8221;60a4cb0a-079d-416a-965a-be5a7662f403&#8243; custom_padding_phone=&#8221;25px|30px|0px|30px|false|false&#8221; global_colors_info=&#8221;{}&#8221;][et_pb_column type=&#8221;4_4&#8243; disabled_on=&#8221;off|off|off&#8221; _builder_version=&#8221;4.27.2&#8243; _module_preset=&#8221;default&#8221; overflow-x=&#8221;hidden&#8221; overflow-y=&#8221;hidden&#8221; global_colors_info=&#8221;{}&#8221;][et_pb_text _builder_version=&#8221;4.27.6&#8243; _module_preset=&#8221;d99961c3-ad79-429e-b506-b750d1752575&#8243; header_text_align=&#8221;left&#8221; animation_style=&#8221;slide&#8221; animation_direction=&#8221;bottom&#8221; animation_intensity_slide=&#8221;100%&#8221; animation_starting_opacity=&#8221;100%&#8221; header_font_size_tablet=&#8221;36px&#8221; global_colors_info=&#8221;{}&#8221;]<\/p>\n<h1>\u00d6ffnungszeiten<\/h1>\n<p>[\/et_pb_text][\/et_pb_column][\/et_pb_row][et_pb_row column_structure=&#8221;1_2,1_2&#8243; _builder_version=&#8221;4.27.2&#8243; _module_preset=&#8221;60a4cb0a-079d-416a-965a-be5a7662f403&#8243; custom_padding_phone=&#8221;25px|30px|0px|30px|false|false&#8221; global_colors_info=&#8221;{}&#8221;][et_pb_column type=&#8221;1_2&#8243; disabled_on=&#8221;off|off|off&#8221; _builder_version=&#8221;4.27.2&#8243; _module_preset=&#8221;default&#8221; overflow-x=&#8221;hidden&#8221; overflow-y=&#8221;hidden&#8221; global_colors_info=&#8221;{}&#8221;][et_pb_text _builder_version=&#8221;4.27.6&#8243; _module_preset=&#8221;default&#8221; hover_enabled=&#8221;0&#8243; global_colors_info=&#8221;{}&#8221; sticky_enabled=&#8221;0&#8243;]<\/p>\n<p><strong>Restaurant<\/strong><br \/>Mittwoch &#8211; Sonntag: 11:30 &#8211; 22:00 Uhr<\/p>\n<p><strong>K\u00fcche<\/strong><br \/>Mittwoch &#8211; Sonntag: 11:30 &#8211; 21:00 Uhr<\/p>\n<p>Ruhetage<br \/>Montag &#8211; Dienstag (geschlossen)<\/p>\n<p>F\u00fcr gr\u00f6ssere Gruppen \u00f6ffnen wir gerne auch an unseren Ruhetagen.<br \/>Bitte kontaktieren Sie uns diesbez\u00fcglich per Telefon oder E-Mail.<\/p>\n<p>[\/et_pb_text][et_pb_button button_url=&#8221;@ET-DC@eyJkeW5hbWljIjp0cnVlLCJjb250ZW50IjoicG9zdF9saW5rX3VybF9wYWdlIiwic2V0dGluZ3MiOnsicG9zdF9pZCI6Ijk4MDUzIn19@&#8221; url_new_window=&#8221;on&#8221; button_text=&#8221;Kontakt&#8221; disabled_on=&#8221;off|off|off&#8221; admin_label=&#8221;Speisekarte&#8221; module_id=&#8221;button-107&#8243; _builder_version=&#8221;4.27.5&#8243; _dynamic_attributes=&#8221;button_url&#8221; _module_preset=&#8221;default&#8221; button_text_size=&#8221;25px&#8221; button_text_color=&#8221;gcid-04bf7b44-5e17-44ef-9926-d53404b30e71&#8243; button_border_width=&#8221;0px&#8221; button_border_color=&#8221;gcid-c5479f1e-a6bc-4a45-aa5d-99e8a2735523&#8243; button_border_radius=&#8221;0px&#8221; button_letter_spacing=&#8221;1px&#8221; button_font=&#8221;Didof_Headline_Bold||||||||&#8221; button_icon_color=&#8221;rgba(119,119,119,0)&#8221; overflow-x=&#8221;hidden&#8221; overflow-y=&#8221;hidden&#8221; custom_padding=&#8221;10px|30px|10px|30px|true|true&#8221; custom_css_before=&#8221;content: &#8221;;||    height: 5px;||    width: 30%;||    background-color: #284b56;||    position: absolute;||    left: 0;||    bottom: -3px;||    transition: all 0.3s ease 0s;||    visibility: visible !important;||    display: block !important;||    opacity: 1 !important;||    margin: 0 !important;||    z-index: -1 !important;&#8221; custom_css_main_element=&#8221;border-bottom: 1px solid #284b56;&#8221; custom_css_free_form=&#8221;a#button-93{||border-bottom: 1px solid #284b56 !important;||}&#8221; locked=&#8221;off&#8221; global_colors_info=&#8221;{%22gcid-c5479f1e-a6bc-4a45-aa5d-99e8a2735523%22:%91%22button_border_color%22%93,%22gcid-04bf7b44-5e17-44ef-9926-d53404b30e71%22:%91%22button_border_color__hover%22,%22button_text_color__hover%22,%22button_text_color%22%93}&#8221; custom_css_before__hover_enabled=&#8221;on|hover&#8221; custom_css_before__hover=&#8221;width: 100%;&#8221; custom_css_after__hover_enabled=&#8221;off|desktop&#8221; button_bg_color__hover_enabled=&#8221;on|desktop&#8221; button_bg_color__hover=&#8221;rgba(237,2,10,0)&#8221; button_bg_enable_color__hover=&#8221;on&#8221; custom_css_main_element__hover_enabled=&#8221;off|desktop&#8221; custom_css_main_element__hover=&#8221;box-shadow: 3px 3px #fff, 4px 4px #ed020a, 7px 7px #fff, 8px 8px #ed020a, 11px 11px #fff, 12px 12px #ed020a, 15px 15px #fff, 16px 16px #ed020a;&#8221; custom_css_after__hover=&#8221; filter: blur(30px);&#8221; button_border_color__hover=&#8221;#a27840&#8243; button_text_color__hover=&#8221;#a27840&#8243;][\/et_pb_button][\/et_pb_column][et_pb_column type=&#8221;1_2&#8243; disabled_on=&#8221;off|off|off&#8221; _builder_version=&#8221;4.27.2&#8243; _module_preset=&#8221;default&#8221; overflow-x=&#8221;hidden&#8221; overflow-y=&#8221;hidden&#8221; global_colors_info=&#8221;{}&#8221;][et_pb_text _builder_version=&#8221;4.27.6&#8243; _module_preset=&#8221;default&#8221; global_colors_info=&#8221;{}&#8221;]<\/p>\n<p>Ob f\u00fcr ein entspanntes Mittagessen oder einen genussvollen Abend: Wir freuen uns, Sie im Schloss Seeburg willkommen zu heissen. Sichern Sie sich Ihren Tisch ganz einfach \u00fcber die Online-Reservation.<\/p>\n<p>[\/et_pb_text][et_pb_button button_url=&#8221;@ET-DC@eyJkeW5hbWljIjp0cnVlLCJjb250ZW50IjoicG9zdF9saW5rX3VybF9wYWdlIiwic2V0dGluZ3MiOnsicG9zdF9pZCI6IjI3ODk2OCJ9fQ==@&#8221; url_new_window=&#8221;on&#8221; button_text=&#8221;Tisch reservieren&#8221; disabled_on=&#8221;off|off|off&#8221; admin_label=&#8221;Speisekarte&#8221; module_id=&#8221;button-107&#8243; _builder_version=&#8221;4.27.5&#8243; _dynamic_attributes=&#8221;button_url&#8221; _module_preset=&#8221;default&#8221; button_text_size=&#8221;25px&#8221; button_text_color=&#8221;gcid-04bf7b44-5e17-44ef-9926-d53404b30e71&#8243; button_border_width=&#8221;0px&#8221; button_border_color=&#8221;gcid-c5479f1e-a6bc-4a45-aa5d-99e8a2735523&#8243; button_border_radius=&#8221;0px&#8221; button_letter_spacing=&#8221;1px&#8221; button_font=&#8221;Didof_Headline_Bold||||||||&#8221; button_icon_color=&#8221;rgba(119,119,119,0)&#8221; overflow-x=&#8221;hidden&#8221; overflow-y=&#8221;hidden&#8221; custom_padding=&#8221;10px|30px|10px|30px|true|true&#8221; custom_css_before=&#8221;content: &#8221;;||    height: 5px;||    width: 30%;||    background-color: #284b56;||    position: absolute;||    left: 0;||    bottom: -3px;||    transition: all 0.3s ease 0s;||    visibility: visible !important;||    display: block !important;||    opacity: 1 !important;||    margin: 0 !important;||    z-index: -1 !important;&#8221; custom_css_main_element=&#8221;border-bottom: 1px solid #284b56;&#8221; custom_css_free_form=&#8221;a#button-93{||border-bottom: 1px solid #284b56 !important;||}&#8221; locked=&#8221;off&#8221; global_colors_info=&#8221;{%22gcid-c5479f1e-a6bc-4a45-aa5d-99e8a2735523%22:%91%22button_border_color%22%93,%22gcid-04bf7b44-5e17-44ef-9926-d53404b30e71%22:%91%22button_border_color__hover%22,%22button_text_color__hover%22,%22button_text_color%22%93}&#8221; custom_css_before__hover_enabled=&#8221;on|hover&#8221; custom_css_before__hover=&#8221;width: 100%;&#8221; custom_css_after__hover_enabled=&#8221;off|desktop&#8221; button_bg_color__hover_enabled=&#8221;on|desktop&#8221; button_bg_color__hover=&#8221;rgba(237,2,10,0)&#8221; button_bg_enable_color__hover=&#8221;on&#8221; custom_css_main_element__hover_enabled=&#8221;off|desktop&#8221; custom_css_main_element__hover=&#8221;box-shadow: 3px 3px #fff, 4px 4px #ed020a, 7px 7px #fff, 8px 8px #ed020a, 11px 11px #fff, 12px 12px #ed020a, 15px 15px #fff, 16px 16px #ed020a;&#8221; custom_css_after__hover=&#8221; filter: blur(30px);&#8221; button_border_color__hover=&#8221;#a27840&#8243; button_text_color__hover=&#8221;#a27840&#8243;][\/et_pb_button][\/et_pb_column][\/et_pb_row][et_pb_row _builder_version=&#8221;4.27.5&#8243; _module_preset=&#8221;default&#8221; global_colors_info=&#8221;{}&#8221;][et_pb_column type=&#8221;4_4&#8243; _builder_version=&#8221;4.27.5&#8243; _module_preset=&#8221;default&#8221; global_colors_info=&#8221;{}&#8221;][\/et_pb_column][\/et_pb_row][\/et_pb_section]<\/p>\n","protected":false},"excerpt":{"rendered":"<p>\u00d6ffnungszeitenRestaurantMittwoch &#8211; Sonntag: 11:30 &#8211; 22:00 Uhr K\u00fccheMittwoch &#8211; Sonntag: 11:30 &#8211; 21:00 Uhr RuhetageMontag &#8211; Dienstag (geschlossen) F\u00fcr gr\u00f6ssere Gruppen \u00f6ffnen wir gerne auch an unseren Ruhetagen.Bitte kontaktieren Sie uns diesbez\u00fcglich per Telefon oder E-Mail.Ob f\u00fcr ein entspanntes Mittagessen oder einen genussvollen Abend: Wir freuen uns, Sie im Schloss Seeburg willkommen zu heissen. Sichern [&hellip;]<\/p>\n","protected":false},"author":1,"featured_media":0,"parent":0,"menu_order":0,"comment_status":"closed","ping_status":"closed","template":"","meta":{"_acf_changed":false,"_et_pb_use_builder":"on","_et_pb_old_content":"","_et_gb_content_width":"","inline_featured_image":false,"footnotes":""},"difl_page_category":[],"class_list":["post-279029","page","type-page","status-publish","hentry"],"acf":[],"_links":{"self":[{"href":"https:\/\/www.schloss-seeburg.ch\/en\/wp-json\/wp\/v2\/pages\/279029","targetHints":{"allow":["GET"]}}],"collection":[{"href":"https:\/\/www.schloss-seeburg.ch\/en\/wp-json\/wp\/v2\/pages"}],"about":[{"href":"https:\/\/www.schloss-seeburg.ch\/en\/wp-json\/wp\/v2\/types\/page"}],"author":[{"embeddable":true,"href":"https:\/\/www.schloss-seeburg.ch\/en\/wp-json\/wp\/v2\/users\/1"}],"replies":[{"embeddable":true,"href":"https:\/\/www.schloss-seeburg.ch\/en\/wp-json\/wp\/v2\/comments?post=279029"}],"version-history":[{"count":6,"href":"https:\/\/www.schloss-seeburg.ch\/en\/wp-json\/wp\/v2\/pages\/279029\/revisions"}],"predecessor-version":[{"id":280297,"href":"https:\/\/www.schloss-seeburg.ch\/en\/wp-json\/wp\/v2\/pages\/279029\/revisions\/280297"}],"wp:attachment":[{"href":"https:\/\/www.schloss-seeburg.ch\/en\/wp-json\/wp\/v2\/media?parent=279029"}],"wp:term":[{"taxonomy":"difl_page_category","embeddable":true,"href":"https:\/\/www.schloss-seeburg.ch\/en\/wp-json\/wp\/v2\/difl_page_category?post=279029"}],"curies":[{"name":"wp","href":"https:\/\/api.w.org\/{rel}","templated":true}]}}